{"id":1187,"date":"2022-03-22T13:05:42","date_gmt":"2022-03-22T12:05:42","guid":{"rendered":"http:\/\/lucron.sk\/?page_id=1187"},"modified":"2022-03-30T10:12:57","modified_gmt":"2022-03-30T08:12:57","slug":"lucron-finance-2","status":"publish","type":"page","link":"https:\/\/lucron.sk\/en\/for-investors\/lucron-finance-2\/","title":{"rendered":"Lucron Finance 2, s.r.o."},"content":{"rendered":"\n<section id=\"\" class=\"intro-text  \">\n\t<div class=\"container\">\n\t\t<div class=\"row\">\n\t\t\t<div class=\"content\">\n\t\t\t\t\t\t\t\t<h1>Lucron Finance 2, s.r.o.<\/h1>\n\t\t\t<\/div>\n\t\t<\/div>\n\t<\/div>\n<\/section>\n\n\n<section  class=\"files  \">\n\t<div class=\"container\">\n\t\t<div class=\"row\">\n                            <div class=\"text\">\n                    <p>Lucron Finance 2, s.r.o. granted a mandate to Slovensk\u00e1 sporite\u013e\u0148a, a.s. as the senior manager of the new issue of bonds secured by a guarantee statement and a lien under Slovak law in the Euro currency with a maturity of 5 years. The bonds will be issued in the near future depending on current market conditions.<\/p>\n<p>Pursuant to Directive 2014\/65 \/ EU (\u201cMIFID II\u201d), the target market of the product creator (MIFID II product management) for the aforementioned transaction in the primary market are retail clients, professional clients, and eligible counterparties (all distribution channels).<\/p>\n                <\/div>\n                                        <div class=\"list\">\n                                                    <a href=\"https:\/\/lucron.sk\/wp-content\/uploads\/Lucron_dlhopis.pdf\"  target=\"_blank\">Let\u00e1k dlhopisu Lucron Finance 2<\/a>\n                                                            <a href=\"https:\/\/lucron.sk\/wp-content\/uploads\/Oznamenie-mandatu-Lucron-Finance-2.pdf\"  target=\"_blank\">Ozn\u00e1menie udelenia mand\u00e1tu<\/a>\n                                                            <a href=\"https:\/\/lucron.sk\/wp-content\/uploads\/Lucron-prezentacia-skupiny-pre-investorov.pdf.pdf\"  target=\"_blank\">Stiahnu\u0165 prezent\u00e1ciu skupiny pre investorov<\/a>\n                                                            <a href=\"https:\/\/lucron.sk\/wp-content\/uploads\/Annual-accounts-2019.pdf\"  target=\"_blank\">Stiahnu\u0165 auditovan\u00fa ro\u010dn\u00fa z\u00e1vierku IKOPART 1 k 31.12.2019<\/a>\n                                                            <a href=\"https:\/\/lucron.sk\/wp-content\/uploads\/Annual-accounts-2020.pdf\"  target=\"_blank\">Stiahnu\u0165 auditovan\u00fa ro\u010dn\u00fa z\u00e1vierku IKOPART 1 k 31.12.2020<\/a>\n                                                            <a href=\"https:\/\/lucron.sk\/wp-content\/uploads\/Sprava-nezavisleho-auditora-Lucron-Finance-2.pdf\"  target=\"_blank\">Stiahnu\u0165 auditovan\u00fa z\u00e1vierku Lucron Finance 2, s.r.o. k 31.7.2021<\/a>\n                                                            <a href=\"https:\/\/lucron.sk\/wp-content\/uploads\/Prospekt-cenneho-papiera-Lucron-Finance-2.pdf\"  target=\"_blank\">Prospekt z 8. septembra 2021<\/a>\n                                                            <a href=\"https:\/\/lucron.sk\/wp-content\/uploads\/Dodatok-c.1-k-prospektu.pdf\"  target=\"_blank\">Dodatok \u010d. 1 zo d\u0148a 6. decembra 2021 k Prospektu<\/a>\n                                                            <a href=\"https:\/\/lucron.sk\/wp-content\/uploads\/Zakladatelska-listina-Lucron-Finance-2.pdf\"  target=\"_blank\">Zakladate\u013esk\u00e1 listina Emitenta<\/a>\n                                                            <a href=\"https:\/\/lucron.sk\/wp-content\/uploads\/Zakladatelska-listina-rucitela-Lucron-Finance-2.pdf\"  target=\"_blank\">Zakladate\u013esk\u00e1 listina Ru\u010dite\u013ea<\/a>\n                                                            <a href=\"https:\/\/lucron.sk\/wp-content\/uploads\/Stanovy-rucitela-Lucron-Finance-2.pdf\"  target=\"_blank\">Stanovy Ru\u010dite\u013ea<\/a>\n                                                            <a href=\"https:\/\/lucron.sk\/wp-content\/uploads\/Rucitelske-vyhlasenie-Lucron-Finance-2.pdf\"  target=\"_blank\">Ru\u010dite\u013esk\u00e9 vyhl\u00e1senie<\/a>\n                                                            <a href=\"https:\/\/lucron.sk\/wp-content\/uploads\/20211201_Lucron_Nesto.pdf\"  target=\"_blank\">Stiahnu\u0165 prezent\u00e1ciu aktualiz\u00e1cie projektu Nesto k 01.12.2021<\/a>\n                                            <\/div>\n            \t\t\t\t\t\t\t<div class=\"back\">\n\t\t\t\t\t<a href=\"http:\/\/en\/for-investors\/\">Back to For investors<\/a>\n\t\t\t\t<\/div>\n\t\t\t\t\t<\/div>\n\t<\/div>\n<\/section>","protected":false},"excerpt":{"rendered":"","protected":false},"author":3,"featured_media":0,"parent":1182,"menu_order":0,"comment_status":"closed","ping_status":"closed","template":"page-child.php","meta":{"_acf_changed":false,"inline_featured_image":false,"footnotes":""},"class_list":["post-1187","page","type-page","status-publish","hentry"],"acf":[],"yoast_head":"<!-- This site is optimized with the Yoast SEO plugin v27.6 - https:\/\/yoast.com\/product\/yoast-seo-wordpress\/ -->\n<title>Lucron Finance 2, s.r.o. - Lucron<\/title>\n<meta name=\"robots\" content=\"index, follow, max-snippet:-1, max-image-preview:large, max-video-preview:-1\" \/>\n<link rel=\"canonical\" href=\"https:\/\/lucron.sk\/en\/for-investors\/lucron-finance-2\/\" \/>\n<meta property=\"og:locale\" content=\"en_US\" \/>\n<meta property=\"og:type\" content=\"article\" \/>\n<meta property=\"og:title\" content=\"Lucron Finance 2, s.r.o. - Lucron\" \/>\n<meta property=\"og:url\" content=\"https:\/\/lucron.sk\/en\/for-investors\/lucron-finance-2\/\" \/>\n<meta property=\"og:site_name\" content=\"Lucron\" \/>\n<meta property=\"article:modified_time\" content=\"2022-03-30T08:12:57+00:00\" \/>\n<meta name=\"twitter:card\" content=\"summary_large_image\" \/>\n<script type=\"application\/ld+json\" class=\"yoast-schema-graph\">{\"@context\":\"https:\\\/\\\/schema.org\",\"@graph\":[{\"@type\":\"WebPage\",\"@id\":\"https:\\\/\\\/lucron.sk\\\/en\\\/for-investors\\\/lucron-finance-2\\\/\",\"url\":\"https:\\\/\\\/lucron.sk\\\/en\\\/for-investors\\\/lucron-finance-2\\\/\",\"name\":\"Lucron Finance 2, s.r.o. - Lucron\",\"isPartOf\":{\"@id\":\"https:\\\/\\\/lucron.sk\\\/#website\"},\"datePublished\":\"2022-03-22T12:05:42+00:00\",\"dateModified\":\"2022-03-30T08:12:57+00:00\",\"breadcrumb\":{\"@id\":\"https:\\\/\\\/lucron.sk\\\/en\\\/for-investors\\\/lucron-finance-2\\\/#breadcrumb\"},\"inLanguage\":\"en-US\",\"potentialAction\":[{\"@type\":\"ReadAction\",\"target\":[\"https:\\\/\\\/lucron.sk\\\/en\\\/for-investors\\\/lucron-finance-2\\\/\"]}]},{\"@type\":\"BreadcrumbList\",\"@id\":\"https:\\\/\\\/lucron.sk\\\/en\\\/for-investors\\\/lucron-finance-2\\\/#breadcrumb\",\"itemListElement\":[{\"@type\":\"ListItem\",\"position\":1,\"name\":\"For investors\",\"item\":\"https:\\\/\\\/lucron.sk\\\/en\\\/for-investors\\\/\"},{\"@type\":\"ListItem\",\"position\":2,\"name\":\"Lucron Finance 2, s.r.o.\"}]},{\"@type\":\"WebSite\",\"@id\":\"https:\\\/\\\/lucron.sk\\\/#website\",\"url\":\"https:\\\/\\\/lucron.sk\\\/\",\"name\":\"Lucron\",\"description\":\"Len \u010fal\u0161ia WordPress str\u00e1nka\",\"potentialAction\":[{\"@type\":\"SearchAction\",\"target\":{\"@type\":\"EntryPoint\",\"urlTemplate\":\"https:\\\/\\\/lucron.sk\\\/?s={search_term_string}\"},\"query-input\":{\"@type\":\"PropertyValueSpecification\",\"valueRequired\":true,\"valueName\":\"search_term_string\"}}],\"inLanguage\":\"en-US\"}]}<\/script>\n<!-- \/ Yoast SEO plugin. -->","yoast_head_json":{"title":"Lucron Finance 2, s.r.o. - Lucron","robots":{"index":"index","follow":"follow","max-snippet":"max-snippet:-1","max-image-preview":"max-image-preview:large","max-video-preview":"max-video-preview:-1"},"canonical":"https:\/\/lucron.sk\/en\/for-investors\/lucron-finance-2\/","og_locale":"en_US","og_type":"article","og_title":"Lucron Finance 2, s.r.o. - Lucron","og_url":"https:\/\/lucron.sk\/en\/for-investors\/lucron-finance-2\/","og_site_name":"Lucron","article_modified_time":"2022-03-30T08:12:57+00:00","twitter_card":"summary_large_image","schema":{"@context":"https:\/\/schema.org","@graph":[{"@type":"WebPage","@id":"https:\/\/lucron.sk\/en\/for-investors\/lucron-finance-2\/","url":"https:\/\/lucron.sk\/en\/for-investors\/lucron-finance-2\/","name":"Lucron Finance 2, s.r.o. - Lucron","isPartOf":{"@id":"https:\/\/lucron.sk\/#website"},"datePublished":"2022-03-22T12:05:42+00:00","dateModified":"2022-03-30T08:12:57+00:00","breadcrumb":{"@id":"https:\/\/lucron.sk\/en\/for-investors\/lucron-finance-2\/#breadcrumb"},"inLanguage":"en-US","potentialAction":[{"@type":"ReadAction","target":["https:\/\/lucron.sk\/en\/for-investors\/lucron-finance-2\/"]}]},{"@type":"BreadcrumbList","@id":"https:\/\/lucron.sk\/en\/for-investors\/lucron-finance-2\/#breadcrumb","itemListElement":[{"@type":"ListItem","position":1,"name":"For investors","item":"https:\/\/lucron.sk\/en\/for-investors\/"},{"@type":"ListItem","position":2,"name":"Lucron Finance 2, s.r.o."}]},{"@type":"WebSite","@id":"https:\/\/lucron.sk\/#website","url":"https:\/\/lucron.sk\/","name":"Lucron","description":"Len \u010fal\u0161ia WordPress str\u00e1nka","potentialAction":[{"@type":"SearchAction","target":{"@type":"EntryPoint","urlTemplate":"https:\/\/lucron.sk\/?s={search_term_string}"},"query-input":{"@type":"PropertyValueSpecification","valueRequired":true,"valueName":"search_term_string"}}],"inLanguage":"en-US"}]}},"jetpack_sharing_enabled":true,"_links":{"self":[{"href":"https:\/\/lucron.sk\/en\/wp-json\/wp\/v2\/pages\/1187","targetHints":{"allow":["GET"]}}],"collection":[{"href":"https:\/\/lucron.sk\/en\/wp-json\/wp\/v2\/pages"}],"about":[{"href":"https:\/\/lucron.sk\/en\/wp-json\/wp\/v2\/types\/page"}],"author":[{"embeddable":true,"href":"https:\/\/lucron.sk\/en\/wp-json\/wp\/v2\/users\/3"}],"replies":[{"embeddable":true,"href":"https:\/\/lucron.sk\/en\/wp-json\/wp\/v2\/comments?post=1187"}],"version-history":[{"count":4,"href":"https:\/\/lucron.sk\/en\/wp-json\/wp\/v2\/pages\/1187\/revisions"}],"predecessor-version":[{"id":1451,"href":"https:\/\/lucron.sk\/en\/wp-json\/wp\/v2\/pages\/1187\/revisions\/1451"}],"up":[{"embeddable":true,"href":"https:\/\/lucron.sk\/en\/wp-json\/wp\/v2\/pages\/1182"}],"wp:attachment":[{"href":"https:\/\/lucron.sk\/en\/wp-json\/wp\/v2\/media?parent=1187"}],"curies":[{"name":"wp","href":"https:\/\/api.w.org\/{rel}","templated":true}]}}