{"id":371,"date":"2022-02-10T13:42:11","date_gmt":"2022-02-10T12:42:11","guid":{"rendered":"http:\/\/lucron.sk\/?page_id=371"},"modified":"2025-06-02T16:27:31","modified_gmt":"2025-06-02T14:27:31","slug":"homepage","status":"publish","type":"page","link":"https:\/\/lucron.sk\/en\/","title":{"rendered":"Homepage"},"content":{"rendered":"\n<section id=\"\" class=\"video\">\n\t<video class=\"desktop\" poster=\"\" playsinline=\"\" muted=\"\" autoplay=\"autoplay\" loop=\"loop\" >\n        <source src=\"https:\/\/lucron.sk\/wp-content\/uploads\/lucron-short-en-2.mp4\" type=\"video\/mp4\">\n\t<\/video>\n    <video class=\"mobile\" poster=\"\" playsinline=\"\" muted=\"\" autoplay=\"autoplay\" loop=\"loop\" >\n        <source src=\"https:\/\/lucron.sk\/wp-content\/uploads\/lucron-short-mobil-en-2.mp4\" type=\"video\/mp4\" media=\"all and (max-width: 575px)\">\n    <\/video>\n<\/section>\n\n\n<section id=\"about-us\" class=\"features\">\n\t<div class=\"container\">\n\t\t<div class=\"row\">\n\t\t\t<h1>We cannot see into the future, but we can think into it<\/h1>\n\t\t\t<div class=\"circles\">\n\t\t\t\t                            <div class=\"circle-wrapper\">\n                                <div class=\"circle\">Sustainability<\/div>\n                                <div class=\"text\">\n                                    <div>Sustainability puts the generation that will come after us to the forefront.<\/div>\n                                <\/div>\n                            <\/div>\n                                                    <div class=\"circle-wrapper\">\n                                <div class=\"circle\">Responsibility<\/div>\n                                <div class=\"text\">\n                                    <div>Responsibility keeps us firmly grounded, and helps us perceive our surroundings sensitively.<\/div>\n                                <\/div>\n                            <\/div>\n                                                    <div class=\"circle-wrapper\">\n                                <div class=\"circle\">Reliability<\/div>\n                                <div class=\"text\">\n                                    <div>Reliability binds us to think of every detail.<\/div>\n                                <\/div>\n                            <\/div>\n                        \t\t\t<\/div>\n\t\t\t<div class=\"slider\">\n\t\t\t\t\n                            <div class=\"slide\">\n                                <div class=\"wrapper\">\n                                    <div class=\"img\">\n\t                                                                                <img decoding=\"async\" src=\"https:\/\/lucron.sk\/wp-content\/uploads\/icon-180x180_stromi-1.svg\" alt=\"\" \/>\n\t                                                                        <\/div>\n                                    <div class=\"name\">The future has green foundations<\/div>\n                                    <div class=\"text\">We started the construction of the project by planting 600 trees and 1642 bushes.<\/div>\n                                <\/div>\n                            <\/div>\n                        \n                            <div class=\"slide\">\n                                <div class=\"wrapper\">\n                                    <div class=\"img\">\n\t                                                                                <img decoding=\"async\" src=\"https:\/\/lucron.sk\/wp-content\/uploads\/icon-180x180_bike.svg\" alt=\"\" \/>\n\t                                                                        <\/div>\n                                    <div class=\"name\">A place full of bicycles<\/div>\n                                    <div class=\"text\">We helped Trnava introduce meaningful bike sharing by donating 50 electric bicycles to the city.<\/div>\n                                <\/div>\n                            <\/div>\n                        \n                            <div class=\"slide\">\n                                <div class=\"wrapper\">\n                                    <div class=\"img\">\n\t                                                                                <img decoding=\"async\" src=\"https:\/\/lucron.sk\/wp-content\/uploads\/icon-180x180_areal.svg\" alt=\"\" \/>\n\t                                                                        <\/div>\n                                    <div class=\"name\">Movement is relaxation<\/div>\n                                    <div class=\"text\">We took the initiative and built and delivered the Relax Park Sports &#038; Relaxation area in Arboria in advance.<\/div>\n                                <\/div>\n                            <\/div>\n                        \n                            <div class=\"slide\">\n                                <div class=\"wrapper\">\n                                    <div class=\"img\">\n\t                                                                                <img decoding=\"async\" src=\"https:\/\/lucron.sk\/wp-content\/uploads\/icon-180x180_park-1.svg\" alt=\"\" \/>\n\t                                                                        <\/div>\n                                    <div class=\"name\">Greenery above, greenery below<\/div>\n                                    <div class=\"text\">Greenery should be everywhere, so we have built a public park encompassing 35 000 m<sup>2<\/sup>, and green roofs covering more than 3300 m<sup>2<\/sup>.<\/div>\n                                <\/div>\n                            <\/div>\n                        \n                            <div class=\"slide\">\n                                <div class=\"wrapper\">\n                                    <div class=\"img\">\n\t                                                                                <img decoding=\"async\" src=\"https:\/\/lucron.sk\/wp-content\/uploads\/icon-180x180_listina-1.svg\" alt=\"\" \/>\n\t                                                                        <\/div>\n                                    <div class=\"name\">We appreciate where we came from<\/div>\n                                    <div class=\"text\">We feel responsibility for history. In the Vydrica project, we revitalize the national Water Tower cultural monument, the Gunpowder room, the ice pits, and the Kempelen aqueduct.<\/div>\n                                <\/div>\n                            <\/div>\n                        \n                            <div class=\"slide\">\n                                <div class=\"wrapper\">\n                                    <div class=\"img\">\n\t                                                                                <img decoding=\"async\" src=\"https:\/\/lucron.sk\/wp-content\/uploads\/icon-180x180_vozik-1.svg\" alt=\"\" \/>\n\t                                                                        <\/div>\n                                    <div class=\"name\">A playground for everyone<\/div>\n                                    <div class=\"text\">A barrier-free playground for handicapped children is part of the new 6000 m<sup>2<\/sup> public park in Urban Residence.<\/div>\n                                <\/div>\n                            <\/div>\n                        \n                            <div class=\"slide\">\n                                <div class=\"wrapper\">\n                                    <div class=\"img\">\n\t                                                                                <img decoding=\"async\" src=\"https:\/\/lucron.sk\/wp-content\/uploads\/icon-180x180_vozik-2.svg\" alt=\"\" \/>\n\t                                                                        <\/div>\n                                    <div class=\"name\">We create thoughtful places for better cities<\/div>\n                                    <div class=\"text\">We focus on larger residential projects and the wider context so that what we build creates a meaningful urban whole.<\/div>\n                                <\/div>\n                            <\/div>\n                        \t\t\t<\/div>\n\t\t<\/div>\n\t<\/div>\n<\/section>\n\n\n<section id=\"\" class=\"about\">\n\t<div class=\"container\">\n\t\t<div class=\"row\">\n\t\t\t<div class=\"logo\">\n\t\t\t\t                    <img decoding=\"async\" src=\"https:\/\/lucron.sk\/wp-content\/uploads\/2022\/02\/lucron_logo_black.svg\" alt=\"\" \/>\n\t\t\t\t\t\t\t<\/div>\n\t\t\t<h2>We focus on larger residential projects and the wider context so that what we build creates a meaningful urban whole.<\/h2>\n\t\t\t<div class=\"grid\">\n\t\t\t\t                            <div class=\"item\">\n                                <div class=\"number\" data-number=\"20\" data-suffix=\"\">0<\/div>\n                                <div class=\"text\">years on the market<\/div>\n                            <\/div>\n                                                    <div class=\"item\">\n                                <div class=\"number\" data-number=\"8\" data-suffix=\"\">0<\/div>\n                                <div class=\"text\">unique projects<\/div>\n                            <\/div>\n                                                    <div class=\"item\">\n                                <div class=\"number\" data-number=\"2000\" data-suffix=\"+\">0<\/div>\n                                <div class=\"text\">completed apartments<\/div>\n                            <\/div>\n                                                    <div class=\"item\">\n                                <div class=\"number\" data-number=\"5000\" data-suffix=\"+\">0<\/div>\n                                <div class=\"text\">satisfied residents<\/div>\n                            <\/div>\n                        \t\t\t<\/div>\n\t\t<\/div>\n\t<\/div>\n<\/section>\n\n\n<section id=\"\" class=\"company\">\n\t<div class=\"container\">\n\t\t<div class=\"row\">\n\t\t\t<div class=\"content\">\n\t\t\t\t<h1>Who is Lucron?<\/h1>\n<p>Lucron is part of IKO Real Estate from Luxembourg which has a 30-year history in the real estate business.<\/p>\n\t\t\t<\/div>\n\t\t\t<div class=\"structure\">\n\t\t\t\t<div class=\"main\">\n\t\t\t\t\t<div class=\"img\">\n\t\t\t\t\t\t                            <img decoding=\"async\" src=\"https:\/\/lucron.sk\/wp-content\/uploads\/2022\/02\/iko_logo.svg\" width=\"96\" alt=\"\" \/>\n\t\t\t\t\t\t\t\t\t\t\t<\/div>\n                    <div class=\"name\">iko real estate<\/div>\n                    <div class=\"text\">Steering Company, Luxembourg <\/div>\n\t\t\t\t<\/div>\n\t\t\t\t<div class=\"separator\"><\/div>\n\t\t\t\t<div class=\"grid\">\n\t\t\t\t\t                                <div class=\"item\">\n                                    <div class=\"img\">\n\t                                                                                <a href=\"\" target=\"_blank\">\n                                                <img decoding=\"async\" src=\"https:\/\/i0.wp.com\/lucron.sk\/wp-content\/uploads\/2022\/02\/Lucron.png?fit=584%2C240&#038;ssl=1\" alt=\"\" \/>\n                                            <\/a>\n\t                                                                        <\/div>\n                                    <div class=\"name\">lucron<\/div>\n                                    <div class=\"text\">Management company, Slovakia<\/div>\n                                    <div class=\"description\">The company manages all activities from land acquisition, planning, project management, and financing to marketing and final sales.<\/div>\n                                <\/div>\n                                                            <div class=\"item\">\n                                    <div class=\"img\">\n\t                                                                                <a href=\"https:\/\/lconstruction.sk\/\" target=\"_blank\">\n                                                <img decoding=\"async\" src=\"https:\/\/i0.wp.com\/lucron.sk\/wp-content\/uploads\/L-Construction-LOGO-2.png?fit=584%2C240&#038;ssl=1\" alt=\"\" \/>\n                                            <\/a>\n\t                                                                        <\/div>\n                                    <div class=\"name\">L-Construction<\/div>\n                                    <div class=\"text\">Construction company, Slovakia<\/div>\n                                    <div class=\"description\">Comprehensive construction activities, specializing in residential and commercial real estate and construction engineering.<\/div>\n                                <\/div>\n                                                            <div class=\"item\">\n                                    <div class=\"img\">\n\t                                                                                <a href=\"https:\/\/bytrex.sk\/\" target=\"_blank\">\n                                                <img decoding=\"async\" src=\"https:\/\/i0.wp.com\/lucron.sk\/wp-content\/uploads\/2022\/02\/Bytrex.png?fit=584%2C240&#038;ssl=1\" alt=\"\" \/>\n                                            <\/a>\n\t                                                                        <\/div>\n                                    <div class=\"name\">BYTREX<\/div>\n                                    <div class=\"text\">Property management company, Slovakia <\/div>\n                                    <div class=\"description\">Professional administration and maintenance of real estate in apartment and multifunctional buildings.<\/div>\n                                <\/div>\n                            \t\t\t\t<\/div>\n\t\t\t<\/div>\n\t\t<\/div>\n\t<\/div>\n<\/section>\n\n\n<section id=\"\" class=\"projects\">\n\t<div class=\"container\">\n\t\t<div class=\"row\">\n\t\t\t<div class=\"grid\">\n\t\t\t\t\t\t\t\t\t\t<a href=\"https:\/\/lucron.sk\/en\/projekt\/nesto\/\" class=\"anime fadeIn\" data-wow-delay=\"0.3s\">\n\t\t\t\t\t\t\t<div class=\"img\">\n\t\t\t\t\t\t\t\t<img decoding=\"async\" src=\"https:\/\/i0.wp.com\/lucron.sk\/wp-content\/uploads\/2022\/02\/nesto%402x.jpg?resize=1200%2C1200&#038;ssl=1\" alt=\"Nesto\" \/>\n\t\t\t\t\t\t\t<\/div>\n\t\t\t\t\t\t\t<div class=\"status\">Under construction<\/div>\n\t\t\t\t\t\t\t<div class=\"name\">Nesto<\/div>\n\t\t\t\t\t\t\t<div class=\"location\">Bratislava<\/div>\n\t\t\t\t\t\t<\/a>\n\t\t\t\t\t\t\t\t\t\t\t<a href=\"https:\/\/lucron.sk\/en\/projekt\/vydrica\/\" class=\"anime fadeIn\" data-wow-delay=\"0.6s\">\n\t\t\t\t\t\t\t<div class=\"img\">\n\t\t\t\t\t\t\t\t<img decoding=\"async\" src=\"https:\/\/i0.wp.com\/lucron.sk\/wp-content\/uploads\/Vydrica-V3-square.jpg?resize=1200%2C1200&#038;ssl=1\" alt=\"Vydrica\" \/>\n\t\t\t\t\t\t\t<\/div>\n\t\t\t\t\t\t\t<div class=\"status\">Under construction<\/div>\n\t\t\t\t\t\t\t<div class=\"name\">Vydrica<\/div>\n\t\t\t\t\t\t\t<div class=\"location\">Bratislava<\/div>\n\t\t\t\t\t\t<\/a>\n\t\t\t\t\t\t\t\t\t\t\t<a href=\"https:\/\/lucron.sk\/en\/projekt\/rakyta\/\" class=\"anime fadeIn\" data-wow-delay=\"0.3s\">\n\t\t\t\t\t\t\t<div class=\"img\">\n\t\t\t\t\t\t\t\t<img decoding=\"async\" src=\"https:\/\/i0.wp.com\/lucron.sk\/wp-content\/uploads\/2022\/02\/rakyta%402x.jpg?resize=1200%2C1200&#038;ssl=1\" alt=\"Rakyta\" \/>\n\t\t\t\t\t\t\t<\/div>\n\t\t\t\t\t\t\t<div class=\"status\">Under Construction<\/div>\n\t\t\t\t\t\t\t<div class=\"name\">Rakyta<\/div>\n\t\t\t\t\t\t\t<div class=\"location\">Bratislava<\/div>\n\t\t\t\t\t\t<\/a>\n\t\t\t\t\t\t\t\t\t\t\t<a href=\"https:\/\/lucron.sk\/en\/projekt\/arboria\/\" class=\"anime fadeIn\" data-wow-delay=\"0.6s\">\n\t\t\t\t\t\t\t<div class=\"img\">\n\t\t\t\t\t\t\t\t<img decoding=\"async\" src=\"https:\/\/i0.wp.com\/lucron.sk\/wp-content\/uploads\/2022\/02\/arboria%402x.jpg?resize=1200%2C1200&#038;ssl=1\" alt=\"Arboria\" \/>\n\t\t\t\t\t\t\t<\/div>\n\t\t\t\t\t\t\t<div class=\"status\">Under construction<\/div>\n\t\t\t\t\t\t\t<div class=\"name\">Arboria<\/div>\n\t\t\t\t\t\t\t<div class=\"location\">Trnava<\/div>\n\t\t\t\t\t\t<\/a>\n\t\t\t\t\t\t\t\t<\/div>\n\t\t\t\t\t\t\t<div class=\"button\">\n\t\t\t\t\t<a href=\"https:\/\/lucron.sk\/en\/projects\/\" target=\"_self\" class=\"btn black\">All projects<\/a>\n\t\t\t\t<\/div>\n\t\t\t\t\t<\/div>\n\t<\/div>\n<\/section>\n\n\n<section id=\"\" class=\"articles last-articles\">\n\t<div class=\"container\">\n\t\t<div class=\"row\">\n\t\t\t<h1>Latest news<\/h1>\n\t\t\t<div class=\"grid\">\n\t\t\t\t\t\t\t\t\t\t\t<a href=\"https:\/\/lucron.sk\/en\/rakyta-a1-residential-building-celebrates-topping-out-construction-progressing-as-planned\/\" class=\"\">\n\t\t\t\t\t\t\t\t\t\t\t\t\t\t\t\t\t<div class=\"img\">\n\t\t\t\t\t\t\t\t\t\t<img decoding=\"async\" src=\"https:\/\/i0.wp.com\/lucron.sk\/wp-content\/uploads\/projekt-RAKYTA_Glajcha-devinska.webp?resize=1180%2C750&#038;ssl=1\" alt=\"Rakyta A1 Residential Building Celebrates Topping Out, Construction Progressing as Planned\u00a0\" \/>\n\t\t\t\t\t\t\t\t\t<\/div>\n\t\t\t\t\t\t\t\t\t<div class=\"info\">\n\t\t\t\t\t\t\t\t\t\t\t\t\t\t\t\t\t\t\t\t<div class=\"date\">25. February 2025<\/div>\n\t\t\t\t\t\t\t\t\t<\/div>\n\t\t\t\t\t\t\t\t\t<div class=\"name\">Rakyta A1 Residential Building Celebrates Topping Out, Construction Progressing as Planned\u00a0<\/div>\n\t\t\t\t\t\t\t\t\t<div class=\"link\">Read more<\/div>\n\t\t\t\t\t\t\t\t\t\t\t\t\t\t\t<\/a>\n\t\t\t\t\t\t\t\t\t\t\t\t\t<a href=\"https:\/\/lucron.sk\/en\/nesto-supports-free-swimming-lessons-for-petrzalka-children\/\" class=\"\">\n\t\t\t\t\t\t\t\t\t\t\t\t\t\t\t\t\t<div class=\"img\">\n\t\t\t\t\t\t\t\t\t\t<img decoding=\"async\" src=\"https:\/\/i0.wp.com\/lucron.sk\/wp-content\/uploads\/nesto-plavanie-lucron-plavecky-bazen-scaled.jpg?resize=1180%2C750&#038;ssl=1\" alt=\"Nesto supports free swimming lessons for Petr\u017ealka children\" \/>\n\t\t\t\t\t\t\t\t\t<\/div>\n\t\t\t\t\t\t\t\t\t<div class=\"info\">\n\t\t\t\t\t\t\t\t\t\t\t\t\t\t\t\t\t\t\t\t<div class=\"date\">20. December 2024<\/div>\n\t\t\t\t\t\t\t\t\t<\/div>\n\t\t\t\t\t\t\t\t\t<div class=\"name\">Nesto supports free swimming lessons for Petr\u017ealka children<\/div>\n\t\t\t\t\t\t\t\t\t<div class=\"link\">Read more<\/div>\n\t\t\t\t\t\t\t\t\t\t\t\t\t\t\t<\/a>\n\t\t\t\t\t\t\t\t\t\t\t\t\t<a href=\"https:\/\/lucron.sk\/en\/first-stage-of-new-vydrica-receives-final-permits\/\" class=\"\">\n\t\t\t\t\t\t\t\t\t\t\t\t\t\t\t\t\t<div class=\"img\">\n\t\t\t\t\t\t\t\t\t\t<img decoding=\"async\" src=\"https:\/\/i0.wp.com\/lucron.sk\/wp-content\/uploads\/54184085463_7154726e12_oc-scaled.jpg?resize=1180%2C750&#038;ssl=1\" alt=\"First stage of new Vydrica receives final permits\" \/>\n\t\t\t\t\t\t\t\t\t<\/div>\n\t\t\t\t\t\t\t\t\t<div class=\"info\">\n\t\t\t\t\t\t\t\t\t\t\t\t\t\t\t\t\t\t\t\t<div class=\"date\">09. December 2024<\/div>\n\t\t\t\t\t\t\t\t\t<\/div>\n\t\t\t\t\t\t\t\t\t<div class=\"name\">First stage of new Vydrica receives final permits<\/div>\n\t\t\t\t\t\t\t\t\t<div class=\"link\">Read more<\/div>\n\t\t\t\t\t\t\t\t\t\t\t\t\t\t\t<\/a>\n\t\t\t\t\t\t\t\t\t<\/div>\n\t\t\t\t\t\t\t<div class=\"button\">\n\t\t\t\t\t<a href=\"https:\/\/lucron.sk\/en\/news\/\" target=\"_self\" class=\"btn black\">All news<\/a>\n\t\t\t\t<\/div>\n\t\t\t\t\t<\/div>\n\t<\/div>\n<\/section>\n\n\n<p><\/p>\n","protected":false},"excerpt":{"rendered":"","protected":false},"author":1,"featured_media":0,"parent":0,"menu_order":0,"comment_status":"closed","ping_status":"closed","template":"","meta":{"_acf_changed":false,"inline_featured_image":false,"footnotes":""},"class_list":["post-371","page","type-page","status-publish","hentry"],"acf":[],"yoast_head":"<!-- This site is optimized with the Yoast SEO plugin v27.4 - https:\/\/yoast.com\/product\/yoast-seo-wordpress\/ -->\n<title>Homepage - Lucron<\/title>\n<meta name=\"robots\" content=\"index, follow, max-snippet:-1, max-image-preview:large, max-video-preview:-1\" \/>\n<link rel=\"canonical\" href=\"https:\/\/lucron.sk\/en\/\" \/>\n<meta property=\"og:locale\" content=\"en_US\" \/>\n<meta property=\"og:type\" content=\"article\" \/>\n<meta property=\"og:title\" content=\"Homepage - Lucron\" \/>\n<meta property=\"og:url\" content=\"https:\/\/lucron.sk\/en\/\" \/>\n<meta property=\"og:site_name\" content=\"Lucron\" \/>\n<meta property=\"article:modified_time\" content=\"2025-06-02T14:27:31+00:00\" \/>\n<meta name=\"twitter:card\" content=\"summary_large_image\" \/>\n<script type=\"application\/ld+json\" class=\"yoast-schema-graph\">{\"@context\":\"https:\\\/\\\/schema.org\",\"@graph\":[{\"@type\":\"WebPage\",\"@id\":\"https:\\\/\\\/lucron.sk\\\/en\\\/\",\"url\":\"https:\\\/\\\/lucron.sk\\\/en\\\/\",\"name\":\"Homepage - Lucron\",\"isPartOf\":{\"@id\":\"https:\\\/\\\/lucron.sk\\\/#website\"},\"datePublished\":\"2022-02-10T12:42:11+00:00\",\"dateModified\":\"2025-06-02T14:27:31+00:00\",\"inLanguage\":\"en-US\",\"potentialAction\":[{\"@type\":\"ReadAction\",\"target\":[\"https:\\\/\\\/lucron.sk\\\/en\\\/\"]}]},{\"@type\":\"WebSite\",\"@id\":\"https:\\\/\\\/lucron.sk\\\/#website\",\"url\":\"https:\\\/\\\/lucron.sk\\\/\",\"name\":\"Lucron\",\"description\":\"Len \u010fal\u0161ia WordPress str\u00e1nka\",\"potentialAction\":[{\"@type\":\"SearchAction\",\"target\":{\"@type\":\"EntryPoint\",\"urlTemplate\":\"https:\\\/\\\/lucron.sk\\\/?s={search_term_string}\"},\"query-input\":{\"@type\":\"PropertyValueSpecification\",\"valueRequired\":true,\"valueName\":\"search_term_string\"}}],\"inLanguage\":\"en-US\"}]}<\/script>\n<!-- \/ Yoast SEO plugin. -->","yoast_head_json":{"title":"Homepage - Lucron","robots":{"index":"index","follow":"follow","max-snippet":"max-snippet:-1","max-image-preview":"max-image-preview:large","max-video-preview":"max-video-preview:-1"},"canonical":"https:\/\/lucron.sk\/en\/","og_locale":"en_US","og_type":"article","og_title":"Homepage - Lucron","og_url":"https:\/\/lucron.sk\/en\/","og_site_name":"Lucron","article_modified_time":"2025-06-02T14:27:31+00:00","twitter_card":"summary_large_image","schema":{"@context":"https:\/\/schema.org","@graph":[{"@type":"WebPage","@id":"https:\/\/lucron.sk\/en\/","url":"https:\/\/lucron.sk\/en\/","name":"Homepage - Lucron","isPartOf":{"@id":"https:\/\/lucron.sk\/#website"},"datePublished":"2022-02-10T12:42:11+00:00","dateModified":"2025-06-02T14:27:31+00:00","inLanguage":"en-US","potentialAction":[{"@type":"ReadAction","target":["https:\/\/lucron.sk\/en\/"]}]},{"@type":"WebSite","@id":"https:\/\/lucron.sk\/#website","url":"https:\/\/lucron.sk\/","name":"Lucron","description":"Len \u010fal\u0161ia WordPress str\u00e1nka","potentialAction":[{"@type":"SearchAction","target":{"@type":"EntryPoint","urlTemplate":"https:\/\/lucron.sk\/?s={search_term_string}"},"query-input":{"@type":"PropertyValueSpecification","valueRequired":true,"valueName":"search_term_string"}}],"inLanguage":"en-US"}]}},"jetpack_sharing_enabled":true,"_links":{"self":[{"href":"https:\/\/lucron.sk\/en\/wp-json\/wp\/v2\/pages\/371","targetHints":{"allow":["GET"]}}],"collection":[{"href":"https:\/\/lucron.sk\/en\/wp-json\/wp\/v2\/pages"}],"about":[{"href":"https:\/\/lucron.sk\/en\/wp-json\/wp\/v2\/types\/page"}],"author":[{"embeddable":true,"href":"https:\/\/lucron.sk\/en\/wp-json\/wp\/v2\/users\/1"}],"replies":[{"embeddable":true,"href":"https:\/\/lucron.sk\/en\/wp-json\/wp\/v2\/comments?post=371"}],"version-history":[{"count":40,"href":"https:\/\/lucron.sk\/en\/wp-json\/wp\/v2\/pages\/371\/revisions"}],"predecessor-version":[{"id":7437,"href":"https:\/\/lucron.sk\/en\/wp-json\/wp\/v2\/pages\/371\/revisions\/7437"}],"wp:attachment":[{"href":"https:\/\/lucron.sk\/en\/wp-json\/wp\/v2\/media?parent=371"}],"curies":[{"name":"wp","href":"https:\/\/api.w.org\/{rel}","templated":true}]}}