{"id":392,"date":"2022-02-10T13:51:38","date_gmt":"2022-02-10T12:51:38","guid":{"rendered":"http:\/\/lucron.sk\/?page_id=392"},"modified":"2022-05-06T16:32:48","modified_gmt":"2022-05-06T14:32:48","slug":"news","status":"publish","type":"page","link":"https:\/\/lucron.sk\/en\/news\/","title":{"rendered":"News"},"content":{"rendered":"\n<div id=\"ajax-load-more\" class=\"ajax-load-more-wrap default\" data-id=\"news-listing\" data-alm-id=\"\" data-canonical-url=\"https:\/\/lucron.sk\/en\/news\/\" data-slug=\"news\" data-post-id=\"392\"  data-localized=\"ajax_load_more_news_listing_vars\" data-alm-object=\"ajax_load_more_news_listing\"><div aria-live=\"polite\" aria-atomic=\"true\" class=\"alm-listing alm-ajax grid\" data-container-type=\"div\" data-loading-style=\"default\" data-repeater=\"default\" data-post-type=\"post\" data-order=\"DESC\" data-orderby=\"date\" data-offset=\"0\" data-posts-per-page=\"6\" data-lang=\"en\" data-scroll=\"false\" data-button-label=\"More news\" data-prev-button-label=\"Load Previous\"><\/div><div class=\"alm-btn-wrap\" data-rel=\"ajax-load-more\"><button class=\"alm-load-more-btn btn black\" type=\"button\">More news<\/button><\/div><\/div>\n","protected":false},"excerpt":{"rendered":"","protected":false},"author":1,"featured_media":0,"parent":0,"menu_order":0,"comment_status":"closed","ping_status":"closed","template":"page-posts.php","meta":{"_acf_changed":false,"inline_featured_image":false,"footnotes":""},"class_list":["post-392","page","type-page","status-publish","hentry"],"acf":[],"yoast_head":"<!-- This site is optimized with the Yoast SEO plugin v27.4 - https:\/\/yoast.com\/product\/yoast-seo-wordpress\/ -->\n<title>News - Lucron<\/title>\n<meta name=\"robots\" content=\"index, follow, max-snippet:-1, max-image-preview:large, max-video-preview:-1\" \/>\n<link rel=\"canonical\" href=\"https:\/\/lucron.sk\/en\/news\/\" \/>\n<meta property=\"og:locale\" content=\"en_US\" \/>\n<meta property=\"og:type\" content=\"article\" \/>\n<meta property=\"og:title\" content=\"News - Lucron\" \/>\n<meta property=\"og:url\" content=\"https:\/\/lucron.sk\/en\/news\/\" \/>\n<meta property=\"og:site_name\" content=\"Lucron\" \/>\n<meta property=\"article:modified_time\" content=\"2022-05-06T14:32:48+00:00\" \/>\n<meta name=\"twitter:card\" content=\"summary_large_image\" \/>\n<meta name=\"twitter:label1\" content=\"Est. reading time\" \/>\n\t<meta name=\"twitter:data1\" content=\"1 minute\" \/>\n<script type=\"application\/ld+json\" class=\"yoast-schema-graph\">{\"@context\":\"https:\\\/\\\/schema.org\",\"@graph\":[{\"@type\":\"WebPage\",\"@id\":\"https:\\\/\\\/lucron.sk\\\/en\\\/news\\\/\",\"url\":\"https:\\\/\\\/lucron.sk\\\/en\\\/news\\\/\",\"name\":\"News - Lucron\",\"isPartOf\":{\"@id\":\"https:\\\/\\\/lucron.sk\\\/#website\"},\"datePublished\":\"2022-02-10T12:51:38+00:00\",\"dateModified\":\"2022-05-06T14:32:48+00:00\",\"inLanguage\":\"en-US\",\"potentialAction\":[{\"@type\":\"ReadAction\",\"target\":[\"https:\\\/\\\/lucron.sk\\\/en\\\/news\\\/\"]}]},{\"@type\":\"WebSite\",\"@id\":\"https:\\\/\\\/lucron.sk\\\/#website\",\"url\":\"https:\\\/\\\/lucron.sk\\\/\",\"name\":\"Lucron\",\"description\":\"Len \u010fal\u0161ia WordPress str\u00e1nka\",\"potentialAction\":[{\"@type\":\"SearchAction\",\"target\":{\"@type\":\"EntryPoint\",\"urlTemplate\":\"https:\\\/\\\/lucron.sk\\\/?s={search_term_string}\"},\"query-input\":{\"@type\":\"PropertyValueSpecification\",\"valueRequired\":true,\"valueName\":\"search_term_string\"}}],\"inLanguage\":\"en-US\"}]}<\/script>\n<!-- \/ Yoast SEO plugin. -->","yoast_head_json":{"title":"News - Lucron","robots":{"index":"index","follow":"follow","max-snippet":"max-snippet:-1","max-image-preview":"max-image-preview:large","max-video-preview":"max-video-preview:-1"},"canonical":"https:\/\/lucron.sk\/en\/news\/","og_locale":"en_US","og_type":"article","og_title":"News - Lucron","og_url":"https:\/\/lucron.sk\/en\/news\/","og_site_name":"Lucron","article_modified_time":"2022-05-06T14:32:48+00:00","twitter_card":"summary_large_image","twitter_misc":{"Est. reading time":"1 minute"},"schema":{"@context":"https:\/\/schema.org","@graph":[{"@type":"WebPage","@id":"https:\/\/lucron.sk\/en\/news\/","url":"https:\/\/lucron.sk\/en\/news\/","name":"News - Lucron","isPartOf":{"@id":"https:\/\/lucron.sk\/#website"},"datePublished":"2022-02-10T12:51:38+00:00","dateModified":"2022-05-06T14:32:48+00:00","inLanguage":"en-US","potentialAction":[{"@type":"ReadAction","target":["https:\/\/lucron.sk\/en\/news\/"]}]},{"@type":"WebSite","@id":"https:\/\/lucron.sk\/#website","url":"https:\/\/lucron.sk\/","name":"Lucron","description":"Len \u010fal\u0161ia WordPress str\u00e1nka","potentialAction":[{"@type":"SearchAction","target":{"@type":"EntryPoint","urlTemplate":"https:\/\/lucron.sk\/?s={search_term_string}"},"query-input":{"@type":"PropertyValueSpecification","valueRequired":true,"valueName":"search_term_string"}}],"inLanguage":"en-US"}]}},"jetpack_sharing_enabled":true,"_links":{"self":[{"href":"https:\/\/lucron.sk\/en\/wp-json\/wp\/v2\/pages\/392","targetHints":{"allow":["GET"]}}],"collection":[{"href":"https:\/\/lucron.sk\/en\/wp-json\/wp\/v2\/pages"}],"about":[{"href":"https:\/\/lucron.sk\/en\/wp-json\/wp\/v2\/types\/page"}],"author":[{"embeddable":true,"href":"https:\/\/lucron.sk\/en\/wp-json\/wp\/v2\/users\/1"}],"replies":[{"embeddable":true,"href":"https:\/\/lucron.sk\/en\/wp-json\/wp\/v2\/comments?post=392"}],"version-history":[{"count":2,"href":"https:\/\/lucron.sk\/en\/wp-json\/wp\/v2\/pages\/392\/revisions"}],"predecessor-version":[{"id":5864,"href":"https:\/\/lucron.sk\/en\/wp-json\/wp\/v2\/pages\/392\/revisions\/5864"}],"wp:attachment":[{"href":"https:\/\/lucron.sk\/en\/wp-json\/wp\/v2\/media?parent=392"}],"curies":[{"name":"wp","href":"https:\/\/api.w.org\/{rel}","templated":true}]}}